{"id":130,"date":"2022-06-15T10:28:08","date_gmt":"2022-06-15T07:28:08","guid":{"rendered":"http:\/\/www.alfa-tip.com\/tr\/?page_id=130"},"modified":"2022-06-17T09:50:55","modified_gmt":"2022-06-17T06:50:55","slug":"veniflow-14-pta","status":"publish","type":"page","link":"http:\/\/www.alfa-tip.com\/tr\/veniflow-14-pta\/","title":{"rendered":"Veniflow 14 PTA"},"content":{"rendered":"\n<p>VENIFLOW 14, 0.014\u2033 PTA Balon Dilatasyon Kateteri SC balon,\u00a0 \u00e7ap 1,5mm&#8217;den 12mm&#8217;ye uzunluk 20mm&#8217;den 220mm&#8217;ye kadar geni\u015f ebat se\u00e7enekleri ile t\u0131kal\u0131 kan damarlar\u0131n\u0131n tedavisinde kullan\u0131l\u0131r.<\/p>\n\n\n<div class=\"wp-block-image\">\n<figure class=\"aligncenter size-full\"><img decoding=\"async\" loading=\"lazy\" width=\"612\" height=\"459\" src=\"http:\/\/www.alfa-tip.com\/tr\/wp-content\/uploads\/2022\/06\/veniflow-14.jpg\" alt=\"Veniflow 14 PTA Balon Dilatasyon Kateteri\" class=\"wp-image-53\" srcset=\"http:\/\/www.alfa-tip.com\/tr\/wp-content\/uploads\/2022\/06\/veniflow-14.jpg 612w, http:\/\/www.alfa-tip.com\/tr\/wp-content\/uploads\/2022\/06\/veniflow-14-300x225.jpg 300w\" sizes=\"(max-width: 612px) 100vw, 612px\" \/><\/figure><\/div>\n\n\n<ul><li>Damarda en fazla t\u0131kan\u0131kl\u0131\u011f\u0131n veya sertle\u015fmenin oldu\u011fu b\u00f6lgede maksimum radyal kuvvet uygular<\/li><li>Veniflow 14 PTA yar\u0131-esnek (Semi-compliant) balon teknolojisi ile \u00fcretilmi\u015ftir.<\/li><li>Belirlenen bas\u0131n\u00e7 de\u011ferlerinde \u00f6ng\u00f6r\u00fclen balon \u00e7ap\u0131nda \u00e7al\u0131\u015f\u0131r&nbsp;<\/li><li>\u00d6zel geometrili soft tipi tasar\u0131m\u0131yla pushablity sa\u011flar.<\/li><li>\u00dcst\u00fcn hidrofilik kaplama teknolojisiyle kateterin damar i\u00e7erisinde ilerlemesi sa\u011flan\u0131r.<\/li><li>Geli\u015fmi\u015f Y konnekt\u00f6r ve strain relief tasar\u0131m\u0131yla y\u00fcksek torkabilite sa\u011flar.<\/li><li>Benzersiz 3 &#8211; 5 yaprak katlama teknolojisiyle minimum ge\u00e7i\u015f profiline sahiptir.<\/li><li>Radyo-opak marker ile kolay izlenebilirlik.<\/li><\/ul>\n\n\n<div class=\"wp-block-image\">\n<figure class=\"aligncenter size-large\"><img decoding=\"async\" loading=\"lazy\" width=\"1024\" height=\"230\" src=\"http:\/\/www.alfa-tip.com\/tr\/wp-content\/uploads\/2022\/06\/image-1024x230.png\" alt=\"Veniflow 14 PTA Balon Dilatasyon Kateteri Opsiyon tablosu\" class=\"wp-image-52\" srcset=\"http:\/\/www.alfa-tip.com\/tr\/wp-content\/uploads\/2022\/06\/image-1024x230.png 1024w, http:\/\/www.alfa-tip.com\/tr\/wp-content\/uploads\/2022\/06\/image-300x67.png 300w, http:\/\/www.alfa-tip.com\/tr\/wp-content\/uploads\/2022\/06\/image-768x172.png 768w, http:\/\/www.alfa-tip.com\/tr\/wp-content\/uploads\/2022\/06\/image.png 1097w\" sizes=\"(max-width: 1024px) 100vw, 1024px\" \/><figcaption>XX- Kateter boy opsiyonlar\u0131 &#8211; 80cm\/100cm\/140cm<\/figcaption><\/figure><\/div>\n\n\n<p><\/p>\n\n\n\n<figure class=\"wp-block-table is-style-stripes\"><table><tbody><tr><td>Kateter Tasar\u0131m\u0131<\/td><td>OTW &#8211; over the wire<\/td><\/tr><tr><td>Kullan\u0131labilir Kateter Uzunlu\u011fu<\/td><td>80cm \/ 100cm \/ 140cm<\/td><\/tr><tr><td>Max. Tavsiye Edilen K\u0131lavuz Teli<\/td><td>0.014&#8243;<\/td><\/tr><tr><td>Tip Profili<\/td><td>0.017&#8243;&nbsp;<\/td><\/tr><tr><td>Introducer Set<\/td><td>4F<\/td><\/tr><tr><td>Nominal Bas\u0131n\u00e7<\/td><td>8 atm<\/td><\/tr><tr><td>Nominal Patlama Bas\u0131nc\u0131 \u2013 Bu De\u011feri A\u015fmay\u0131n\u0131z!<\/td><td>18 atm<\/td><\/tr><\/tbody><\/table><\/figure>\n\n\n\n<p><a href=\"http:\/\/www.alfa-tip.com\/tr\/veniflow-18-pta\">Veniflow 18 PTA Balon Dilasyon Kataterini \u0130nceleyiniz -&gt;<\/a><\/p>\n","protected":false},"excerpt":{"rendered":"<p>VENIFLOW 14, 0.014\u2033 PTA Balon Dilatasyon Kateteri SC balon,\u00a0 \u00e7ap 1,5mm&#8217;den 12mm&#8217;ye uzunluk 20mm&#8217;den 220mm&#8217;ye kadar geni\u015f ebat se\u00e7enekleri ile t\u0131kal\u0131 kan damarlar\u0131n\u0131n tedavisinde kullan\u0131l\u0131r. Damarda en fazla t\u0131kan\u0131kl\u0131\u011f\u0131n veya sertle\u015fmenin oldu\u011fu b\u00f6lgede maksimum radyal kuvvet uygular Veniflow 14 PTA yar\u0131-esnek (Semi-compliant) balon teknolojisi ile \u00fcretilmi\u015ftir. Belirlenen bas\u0131n\u00e7 de\u011ferlerinde \u00f6ng\u00f6r\u00fclen balon \u00e7ap\u0131nda \u00e7al\u0131\u015f\u0131r&nbsp; \u00d6zel geometrili [&hellip;]<\/p>\n","protected":false},"author":1,"featured_media":0,"parent":0,"menu_order":0,"comment_status":"closed","ping_status":"closed","template":"","meta":[],"yoast_head":"<!-- This site is optimized with the Yoast SEO plugin v19.3 - https:\/\/yoast.com\/wordpress\/plugins\/seo\/ -->\n<title>Veniflow 14 PTA - Alfa-T\u0131p T\u00fcrkiye<\/title>\n<meta name=\"description\" content=\"VENIFLOW 14 0.014&quot; PTA Balon Dilatasyon Kateteri ISO 13485 KYS ile \u00fcretim yapan d\u00fcnyan\u0131n \u00f6nde gelen CE sertifikal\u0131 \u00fcreticilerinden biridir.\" \/>\n<meta name=\"robots\" content=\"index, follow, max-snippet:-1, max-image-preview:large, max-video-preview:-1\" \/>\n<link rel=\"canonical\" href=\"http:\/\/www.alfa-tip.com\/tr\/veniflow-14-pta\/\" \/>\n<meta property=\"og:locale\" content=\"tr_TR\" \/>\n<meta property=\"og:type\" content=\"article\" \/>\n<meta property=\"og:title\" content=\"Veniflow 14 PTA - Alfa-T\u0131p T\u00fcrkiye\" \/>\n<meta property=\"og:description\" content=\"VENIFLOW 14 0.014&quot; PTA Balon Dilatasyon Kateteri ISO 13485 KYS ile \u00fcretim yapan d\u00fcnyan\u0131n \u00f6nde gelen CE sertifikal\u0131 \u00fcreticilerinden biridir.\" \/>\n<meta property=\"og:url\" content=\"http:\/\/www.alfa-tip.com\/tr\/veniflow-14-pta\/\" \/>\n<meta property=\"og:site_name\" content=\"Alfa-T\u0131p T\u00fcrkiye\" \/>\n<meta property=\"article:modified_time\" content=\"2022-06-17T06:50:55+00:00\" \/>\n<meta property=\"og:image\" content=\"http:\/\/www.alfa-tip.com\/tr\/wp-content\/uploads\/2022\/06\/veniflow-14.jpg\" \/>\n<meta name=\"twitter:card\" content=\"summary_large_image\" \/>\n<meta name=\"twitter:label1\" content=\"Tahmini okuma s\u00fcresi\" \/>\n\t<meta name=\"twitter:data1\" content=\"2 dakika\" \/>\n<script type=\"application\/ld+json\" class=\"yoast-schema-graph\">{\"@context\":\"https:\/\/schema.org\",\"@graph\":[{\"@type\":\"Organization\",\"@id\":\"http:\/\/www.alfa-tip.com\/tr\/#organization\",\"name\":\"Alfa-T\u0131p T\u00fcrkiye\",\"url\":\"http:\/\/www.alfa-tip.com\/tr\/\",\"sameAs\":[],\"logo\":{\"@type\":\"ImageObject\",\"inLanguage\":\"tr\",\"@id\":\"http:\/\/www.alfa-tip.com\/tr\/#\/schema\/logo\/image\/\",\"url\":\"http:\/\/www.alfa-tip.com\/tr\/wp-content\/uploads\/2022\/06\/alfa-tip-logo-150w.jpg\",\"contentUrl\":\"http:\/\/www.alfa-tip.com\/tr\/wp-content\/uploads\/2022\/06\/alfa-tip-logo-150w.jpg\",\"width\":150,\"height\":46,\"caption\":\"Alfa-T\u0131p T\u00fcrkiye\"},\"image\":{\"@id\":\"http:\/\/www.alfa-tip.com\/tr\/#\/schema\/logo\/image\/\"}},{\"@type\":\"WebSite\",\"@id\":\"http:\/\/www.alfa-tip.com\/tr\/#website\",\"url\":\"http:\/\/www.alfa-tip.com\/tr\/\",\"name\":\"Alfa-T\u0131p T\u00fcrkiye\",\"description\":\"PTA ve PTCA Balon Kateter\",\"publisher\":{\"@id\":\"http:\/\/www.alfa-tip.com\/tr\/#organization\"},\"potentialAction\":[{\"@type\":\"SearchAction\",\"target\":{\"@type\":\"EntryPoint\",\"urlTemplate\":\"http:\/\/www.alfa-tip.com\/tr\/?s={search_term_string}\"},\"query-input\":\"required name=search_term_string\"}],\"inLanguage\":\"tr\"},{\"@type\":\"ImageObject\",\"inLanguage\":\"tr\",\"@id\":\"http:\/\/www.alfa-tip.com\/tr\/veniflow-14-pta\/#primaryimage\",\"url\":\"http:\/\/www.alfa-tip.com\/tr\/wp-content\/uploads\/2022\/06\/veniflow-14.jpg\",\"contentUrl\":\"http:\/\/www.alfa-tip.com\/tr\/wp-content\/uploads\/2022\/06\/veniflow-14.jpg\",\"width\":612,\"height\":459,\"caption\":\"3d illustration of Angioplasty\"},{\"@type\":\"WebPage\",\"@id\":\"http:\/\/www.alfa-tip.com\/tr\/veniflow-14-pta\/\",\"url\":\"http:\/\/www.alfa-tip.com\/tr\/veniflow-14-pta\/\",\"name\":\"Veniflow 14 PTA - Alfa-T\u0131p T\u00fcrkiye\",\"isPartOf\":{\"@id\":\"http:\/\/www.alfa-tip.com\/tr\/#website\"},\"primaryImageOfPage\":{\"@id\":\"http:\/\/www.alfa-tip.com\/tr\/veniflow-14-pta\/#primaryimage\"},\"datePublished\":\"2022-06-15T07:28:08+00:00\",\"dateModified\":\"2022-06-17T06:50:55+00:00\",\"description\":\"VENIFLOW 14 0.014\\\" PTA Balon Dilatasyon Kateteri ISO 13485 KYS ile \u00fcretim yapan d\u00fcnyan\u0131n \u00f6nde gelen CE sertifikal\u0131 \u00fcreticilerinden biridir.\",\"breadcrumb\":{\"@id\":\"http:\/\/www.alfa-tip.com\/tr\/veniflow-14-pta\/#breadcrumb\"},\"inLanguage\":\"tr\",\"potentialAction\":[{\"@type\":\"ReadAction\",\"target\":[\"http:\/\/www.alfa-tip.com\/tr\/veniflow-14-pta\/\"]}]},{\"@type\":\"BreadcrumbList\",\"@id\":\"http:\/\/www.alfa-tip.com\/tr\/veniflow-14-pta\/#breadcrumb\",\"itemListElement\":[{\"@type\":\"ListItem\",\"position\":1,\"name\":\"Anasayfa\",\"item\":\"http:\/\/www.alfa-tip.com\/tr\/\"},{\"@type\":\"ListItem\",\"position\":2,\"name\":\"Veniflow 14 PTA\"}]}]}<\/script>\n<!-- \/ Yoast SEO plugin. -->","yoast_head_json":{"title":"Veniflow 14 PTA - Alfa-T\u0131p T\u00fcrkiye","description":"VENIFLOW 14 0.014\" PTA Balon Dilatasyon Kateteri ISO 13485 KYS ile \u00fcretim yapan d\u00fcnyan\u0131n \u00f6nde gelen CE sertifikal\u0131 \u00fcreticilerinden biridir.","robots":{"index":"index","follow":"follow","max-snippet":"max-snippet:-1","max-image-preview":"max-image-preview:large","max-video-preview":"max-video-preview:-1"},"canonical":"http:\/\/www.alfa-tip.com\/tr\/veniflow-14-pta\/","og_locale":"tr_TR","og_type":"article","og_title":"Veniflow 14 PTA - Alfa-T\u0131p T\u00fcrkiye","og_description":"VENIFLOW 14 0.014\" PTA Balon Dilatasyon Kateteri ISO 13485 KYS ile \u00fcretim yapan d\u00fcnyan\u0131n \u00f6nde gelen CE sertifikal\u0131 \u00fcreticilerinden biridir.","og_url":"http:\/\/www.alfa-tip.com\/tr\/veniflow-14-pta\/","og_site_name":"Alfa-T\u0131p T\u00fcrkiye","article_modified_time":"2022-06-17T06:50:55+00:00","og_image":[{"url":"http:\/\/www.alfa-tip.com\/tr\/wp-content\/uploads\/2022\/06\/veniflow-14.jpg"}],"twitter_card":"summary_large_image","twitter_misc":{"Tahmini okuma s\u00fcresi":"2 dakika"},"schema":{"@context":"https:\/\/schema.org","@graph":[{"@type":"Organization","@id":"http:\/\/www.alfa-tip.com\/tr\/#organization","name":"Alfa-T\u0131p T\u00fcrkiye","url":"http:\/\/www.alfa-tip.com\/tr\/","sameAs":[],"logo":{"@type":"ImageObject","inLanguage":"tr","@id":"http:\/\/www.alfa-tip.com\/tr\/#\/schema\/logo\/image\/","url":"http:\/\/www.alfa-tip.com\/tr\/wp-content\/uploads\/2022\/06\/alfa-tip-logo-150w.jpg","contentUrl":"http:\/\/www.alfa-tip.com\/tr\/wp-content\/uploads\/2022\/06\/alfa-tip-logo-150w.jpg","width":150,"height":46,"caption":"Alfa-T\u0131p T\u00fcrkiye"},"image":{"@id":"http:\/\/www.alfa-tip.com\/tr\/#\/schema\/logo\/image\/"}},{"@type":"WebSite","@id":"http:\/\/www.alfa-tip.com\/tr\/#website","url":"http:\/\/www.alfa-tip.com\/tr\/","name":"Alfa-T\u0131p T\u00fcrkiye","description":"PTA ve PTCA Balon Kateter","publisher":{"@id":"http:\/\/www.alfa-tip.com\/tr\/#organization"},"potentialAction":[{"@type":"SearchAction","target":{"@type":"EntryPoint","urlTemplate":"http:\/\/www.alfa-tip.com\/tr\/?s={search_term_string}"},"query-input":"required name=search_term_string"}],"inLanguage":"tr"},{"@type":"ImageObject","inLanguage":"tr","@id":"http:\/\/www.alfa-tip.com\/tr\/veniflow-14-pta\/#primaryimage","url":"http:\/\/www.alfa-tip.com\/tr\/wp-content\/uploads\/2022\/06\/veniflow-14.jpg","contentUrl":"http:\/\/www.alfa-tip.com\/tr\/wp-content\/uploads\/2022\/06\/veniflow-14.jpg","width":612,"height":459,"caption":"3d illustration of Angioplasty"},{"@type":"WebPage","@id":"http:\/\/www.alfa-tip.com\/tr\/veniflow-14-pta\/","url":"http:\/\/www.alfa-tip.com\/tr\/veniflow-14-pta\/","name":"Veniflow 14 PTA - Alfa-T\u0131p T\u00fcrkiye","isPartOf":{"@id":"http:\/\/www.alfa-tip.com\/tr\/#website"},"primaryImageOfPage":{"@id":"http:\/\/www.alfa-tip.com\/tr\/veniflow-14-pta\/#primaryimage"},"datePublished":"2022-06-15T07:28:08+00:00","dateModified":"2022-06-17T06:50:55+00:00","description":"VENIFLOW 14 0.014\" PTA Balon Dilatasyon Kateteri ISO 13485 KYS ile \u00fcretim yapan d\u00fcnyan\u0131n \u00f6nde gelen CE sertifikal\u0131 \u00fcreticilerinden biridir.","breadcrumb":{"@id":"http:\/\/www.alfa-tip.com\/tr\/veniflow-14-pta\/#breadcrumb"},"inLanguage":"tr","potentialAction":[{"@type":"ReadAction","target":["http:\/\/www.alfa-tip.com\/tr\/veniflow-14-pta\/"]}]},{"@type":"BreadcrumbList","@id":"http:\/\/www.alfa-tip.com\/tr\/veniflow-14-pta\/#breadcrumb","itemListElement":[{"@type":"ListItem","position":1,"name":"Anasayfa","item":"http:\/\/www.alfa-tip.com\/tr\/"},{"@type":"ListItem","position":2,"name":"Veniflow 14 PTA"}]}]}},"_links":{"self":[{"href":"http:\/\/www.alfa-tip.com\/tr\/wp-json\/wp\/v2\/pages\/130"}],"collection":[{"href":"http:\/\/www.alfa-tip.com\/tr\/wp-json\/wp\/v2\/pages"}],"about":[{"href":"http:\/\/www.alfa-tip.com\/tr\/wp-json\/wp\/v2\/types\/page"}],"author":[{"embeddable":true,"href":"http:\/\/www.alfa-tip.com\/tr\/wp-json\/wp\/v2\/users\/1"}],"replies":[{"embeddable":true,"href":"http:\/\/www.alfa-tip.com\/tr\/wp-json\/wp\/v2\/comments?post=130"}],"version-history":[{"count":3,"href":"http:\/\/www.alfa-tip.com\/tr\/wp-json\/wp\/v2\/pages\/130\/revisions"}],"predecessor-version":[{"id":153,"href":"http:\/\/www.alfa-tip.com\/tr\/wp-json\/wp\/v2\/pages\/130\/revisions\/153"}],"wp:attachment":[{"href":"http:\/\/www.alfa-tip.com\/tr\/wp-json\/wp\/v2\/media?parent=130"}],"curies":[{"name":"wp","href":"https:\/\/api.w.org\/{rel}","templated":true}]}}