{"id":137,"date":"2022-06-15T10:43:20","date_gmt":"2022-06-15T07:43:20","guid":{"rendered":"http:\/\/www.alfa-tip.com\/tr\/?page_id=137"},"modified":"2022-06-17T09:59:10","modified_gmt":"2022-06-17T06:59:10","slug":"veniflex-ptca","status":"publish","type":"page","link":"http:\/\/www.alfa-tip.com\/tr\/veniflex-ptca\/","title":{"rendered":"Veniflex PTCA"},"content":{"rendered":"\n<p>VENIFLEX PTCA\u00a0 Balon Dilatasyon Kateteri CE sertifikal\u0131 \u00fcr\u00fcn\u00fc ISO 13485 kalite y\u00f6netim sistemi ile \u00fcretilmi\u015ftir.<\/p>\n\n\n<div class=\"wp-block-image\">\n<figure class=\"aligncenter size-full\"><img decoding=\"async\" loading=\"lazy\" width=\"372\" height=\"135\" src=\"http:\/\/www.alfa-tip.com\/tr\/wp-content\/uploads\/2022\/06\/veniflex-ptca.jpg\" alt=\"\" class=\"wp-image-65\" srcset=\"http:\/\/www.alfa-tip.com\/tr\/wp-content\/uploads\/2022\/06\/veniflex-ptca.jpg 372w, http:\/\/www.alfa-tip.com\/tr\/wp-content\/uploads\/2022\/06\/veniflex-ptca-300x109.jpg 300w\" sizes=\"(max-width: 372px) 100vw, 372px\" \/><\/figure><\/div>\n\n\n<p>VENIFLEX PTCA Balon Kateter, \u00f6zel olarak tasarlanm\u0131\u015f soft-tip ile pushability sa\u011flar, geli\u015fmi\u015f hypo-tube tasar\u0131m\u0131yla ile y\u00fcksek torkabilite ve kink dayan\u0131m\u0131 sahiptir. Benzersiz 3 yaprak katlama teknolojisiyle minimum ge\u00e7i\u015f profiline sahiptir.<br>Radyo-opak marker ile izlenebilirlik, hidrofilik kaplama teknolojisiyle kateterin damar i\u00e7inde rahat ilerlemesini sa\u011flayan yap\u0131, yar\u0131 esnek (Semi compliant) balon.<\/p>\n\n\n<div class=\"wp-block-image\">\n<figure class=\"aligncenter size-full\"><img decoding=\"async\" loading=\"lazy\" width=\"897\" height=\"351\" src=\"http:\/\/www.alfa-tip.com\/tr\/wp-content\/uploads\/2022\/06\/image-3.png\" alt=\"veniflex ptca opsiyon tablosu\" class=\"wp-image-66\" srcset=\"http:\/\/www.alfa-tip.com\/tr\/wp-content\/uploads\/2022\/06\/image-3.png 897w, http:\/\/www.alfa-tip.com\/tr\/wp-content\/uploads\/2022\/06\/image-3-300x117.png 300w, http:\/\/www.alfa-tip.com\/tr\/wp-content\/uploads\/2022\/06\/image-3-768x301.png 768w\" sizes=\"(max-width: 897px) 100vw, 897px\" \/><\/figure><\/div>\n\n\n<figure class=\"wp-block-table is-style-stripes\"><table><tbody><tr><td>Kateter Tasar\u0131m\u0131<\/td><td>RX &#8211; Rapid Exchange<\/td><\/tr><tr><td>Kullan\u0131labilir Kateter Uzunlu\u011fu<\/td><td>145cm<\/td><\/tr><tr><td>Max. Tavsiye Edilen K\u0131lavuzTeli<\/td><td>0.014&#8243;<\/td><\/tr><tr><td>Tip Profili<\/td><td>0.017&#8243;&nbsp;<\/td><\/tr><tr><td>Ge\u00e7i\u015f Profili<\/td><td>0.020&#8243; &#8211; 0.041&#8243;<\/td><\/tr><tr><td>Nominal Bas\u0131n\u00e7<\/td><td>8atm<\/td><\/tr><tr><td>Nominal Patlama Bas\u0131nc\u0131 \u2013 Bu De\u011feri A\u015fmay\u0131n\u0131z!<\/td><td>18atm<\/td><\/tr><\/tbody><\/table><\/figure>\n\n\n\n<p><a href=\"http:\/\/www.alfa-tip.com\/tr\/veniforce-plus-ptca\">Veniforce Plus PTCA Balon Dilasyon Kataterini \u0130nceleyiniz -&gt;<\/a><\/p>\n","protected":false},"excerpt":{"rendered":"<p>VENIFLEX PTCA\u00a0 Balon Dilatasyon Kateteri CE sertifikal\u0131 \u00fcr\u00fcn\u00fc ISO 13485 kalite y\u00f6netim sistemi ile \u00fcretilmi\u015ftir. VENIFLEX PTCA Balon Kateter, \u00f6zel olarak tasarlanm\u0131\u015f soft-tip ile pushability sa\u011flar, geli\u015fmi\u015f hypo-tube tasar\u0131m\u0131yla ile y\u00fcksek torkabilite ve kink dayan\u0131m\u0131 sahiptir. Benzersiz 3 yaprak katlama teknolojisiyle minimum ge\u00e7i\u015f profiline sahiptir.Radyo-opak marker ile izlenebilirlik, hidrofilik kaplama teknolojisiyle kateterin damar i\u00e7inde rahat [&hellip;]<\/p>\n","protected":false},"author":1,"featured_media":0,"parent":0,"menu_order":0,"comment_status":"closed","ping_status":"closed","template":"","meta":[],"yoast_head":"<!-- This site is optimized with the Yoast SEO plugin v19.3 - https:\/\/yoast.com\/wordpress\/plugins\/seo\/ -->\n<title>Veniflex PTCA - Alfa-T\u0131p T\u00fcrkiye<\/title>\n<meta name=\"description\" content=\"VENIFLEX PTCA\u00a0 Balon Dilatasyon Kateteri ISO 13485 KYS ile \u00fcretim yapan d\u00fcnyan\u0131n \u00f6nde gelen CE sertifikal\u0131 \u00fcreticilerinden biridir.\" \/>\n<meta name=\"robots\" content=\"index, follow, max-snippet:-1, max-image-preview:large, max-video-preview:-1\" \/>\n<link rel=\"canonical\" href=\"http:\/\/www.alfa-tip.com\/tr\/veniflex-ptca\/\" \/>\n<meta property=\"og:locale\" content=\"tr_TR\" \/>\n<meta property=\"og:type\" content=\"article\" \/>\n<meta property=\"og:title\" content=\"Veniflex PTCA - Alfa-T\u0131p T\u00fcrkiye\" \/>\n<meta property=\"og:description\" content=\"VENIFLEX PTCA\u00a0 Balon Dilatasyon Kateteri ISO 13485 KYS ile \u00fcretim yapan d\u00fcnyan\u0131n \u00f6nde gelen CE sertifikal\u0131 \u00fcreticilerinden biridir.\" \/>\n<meta property=\"og:url\" content=\"http:\/\/www.alfa-tip.com\/tr\/veniflex-ptca\/\" \/>\n<meta property=\"og:site_name\" content=\"Alfa-T\u0131p T\u00fcrkiye\" \/>\n<meta property=\"article:modified_time\" content=\"2022-06-17T06:59:10+00:00\" \/>\n<meta property=\"og:image\" content=\"http:\/\/www.alfa-tip.com\/tr\/wp-content\/uploads\/2022\/06\/veniflex-ptca.jpg\" \/>\n<meta name=\"twitter:card\" content=\"summary_large_image\" \/>\n<meta name=\"twitter:label1\" content=\"Tahmini okuma s\u00fcresi\" \/>\n\t<meta name=\"twitter:data1\" content=\"2 dakika\" \/>\n<script type=\"application\/ld+json\" class=\"yoast-schema-graph\">{\"@context\":\"https:\/\/schema.org\",\"@graph\":[{\"@type\":\"Organization\",\"@id\":\"http:\/\/www.alfa-tip.com\/tr\/#organization\",\"name\":\"Alfa-T\u0131p T\u00fcrkiye\",\"url\":\"http:\/\/www.alfa-tip.com\/tr\/\",\"sameAs\":[],\"logo\":{\"@type\":\"ImageObject\",\"inLanguage\":\"tr\",\"@id\":\"http:\/\/www.alfa-tip.com\/tr\/#\/schema\/logo\/image\/\",\"url\":\"http:\/\/www.alfa-tip.com\/tr\/wp-content\/uploads\/2022\/06\/alfa-tip-logo-150w.jpg\",\"contentUrl\":\"http:\/\/www.alfa-tip.com\/tr\/wp-content\/uploads\/2022\/06\/alfa-tip-logo-150w.jpg\",\"width\":150,\"height\":46,\"caption\":\"Alfa-T\u0131p T\u00fcrkiye\"},\"image\":{\"@id\":\"http:\/\/www.alfa-tip.com\/tr\/#\/schema\/logo\/image\/\"}},{\"@type\":\"WebSite\",\"@id\":\"http:\/\/www.alfa-tip.com\/tr\/#website\",\"url\":\"http:\/\/www.alfa-tip.com\/tr\/\",\"name\":\"Alfa-T\u0131p T\u00fcrkiye\",\"description\":\"PTA ve PTCA Balon Kateter\",\"publisher\":{\"@id\":\"http:\/\/www.alfa-tip.com\/tr\/#organization\"},\"potentialAction\":[{\"@type\":\"SearchAction\",\"target\":{\"@type\":\"EntryPoint\",\"urlTemplate\":\"http:\/\/www.alfa-tip.com\/tr\/?s={search_term_string}\"},\"query-input\":\"required name=search_term_string\"}],\"inLanguage\":\"tr\"},{\"@type\":\"ImageObject\",\"inLanguage\":\"tr\",\"@id\":\"http:\/\/www.alfa-tip.com\/tr\/veniflex-ptca\/#primaryimage\",\"url\":\"http:\/\/www.alfa-tip.com\/tr\/wp-content\/uploads\/2022\/06\/veniflex-ptca.jpg\",\"contentUrl\":\"http:\/\/www.alfa-tip.com\/tr\/wp-content\/uploads\/2022\/06\/veniflex-ptca.jpg\",\"width\":372,\"height\":135,\"caption\":\"veniflex ptca balon dilatasyon kateteri\"},{\"@type\":\"WebPage\",\"@id\":\"http:\/\/www.alfa-tip.com\/tr\/veniflex-ptca\/\",\"url\":\"http:\/\/www.alfa-tip.com\/tr\/veniflex-ptca\/\",\"name\":\"Veniflex PTCA - Alfa-T\u0131p T\u00fcrkiye\",\"isPartOf\":{\"@id\":\"http:\/\/www.alfa-tip.com\/tr\/#website\"},\"primaryImageOfPage\":{\"@id\":\"http:\/\/www.alfa-tip.com\/tr\/veniflex-ptca\/#primaryimage\"},\"datePublished\":\"2022-06-15T07:43:20+00:00\",\"dateModified\":\"2022-06-17T06:59:10+00:00\",\"description\":\"VENIFLEX PTCA\u00a0 Balon Dilatasyon Kateteri ISO 13485 KYS ile \u00fcretim yapan d\u00fcnyan\u0131n \u00f6nde gelen CE sertifikal\u0131 \u00fcreticilerinden biridir.\",\"breadcrumb\":{\"@id\":\"http:\/\/www.alfa-tip.com\/tr\/veniflex-ptca\/#breadcrumb\"},\"inLanguage\":\"tr\",\"potentialAction\":[{\"@type\":\"ReadAction\",\"target\":[\"http:\/\/www.alfa-tip.com\/tr\/veniflex-ptca\/\"]}]},{\"@type\":\"BreadcrumbList\",\"@id\":\"http:\/\/www.alfa-tip.com\/tr\/veniflex-ptca\/#breadcrumb\",\"itemListElement\":[{\"@type\":\"ListItem\",\"position\":1,\"name\":\"Anasayfa\",\"item\":\"http:\/\/www.alfa-tip.com\/tr\/\"},{\"@type\":\"ListItem\",\"position\":2,\"name\":\"Veniflex PTCA\"}]}]}<\/script>\n<!-- \/ Yoast SEO plugin. -->","yoast_head_json":{"title":"Veniflex PTCA - Alfa-T\u0131p T\u00fcrkiye","description":"VENIFLEX PTCA\u00a0 Balon Dilatasyon Kateteri ISO 13485 KYS ile \u00fcretim yapan d\u00fcnyan\u0131n \u00f6nde gelen CE sertifikal\u0131 \u00fcreticilerinden biridir.","robots":{"index":"index","follow":"follow","max-snippet":"max-snippet:-1","max-image-preview":"max-image-preview:large","max-video-preview":"max-video-preview:-1"},"canonical":"http:\/\/www.alfa-tip.com\/tr\/veniflex-ptca\/","og_locale":"tr_TR","og_type":"article","og_title":"Veniflex PTCA - Alfa-T\u0131p T\u00fcrkiye","og_description":"VENIFLEX PTCA\u00a0 Balon Dilatasyon Kateteri ISO 13485 KYS ile \u00fcretim yapan d\u00fcnyan\u0131n \u00f6nde gelen CE sertifikal\u0131 \u00fcreticilerinden biridir.","og_url":"http:\/\/www.alfa-tip.com\/tr\/veniflex-ptca\/","og_site_name":"Alfa-T\u0131p T\u00fcrkiye","article_modified_time":"2022-06-17T06:59:10+00:00","og_image":[{"url":"http:\/\/www.alfa-tip.com\/tr\/wp-content\/uploads\/2022\/06\/veniflex-ptca.jpg"}],"twitter_card":"summary_large_image","twitter_misc":{"Tahmini okuma s\u00fcresi":"2 dakika"},"schema":{"@context":"https:\/\/schema.org","@graph":[{"@type":"Organization","@id":"http:\/\/www.alfa-tip.com\/tr\/#organization","name":"Alfa-T\u0131p T\u00fcrkiye","url":"http:\/\/www.alfa-tip.com\/tr\/","sameAs":[],"logo":{"@type":"ImageObject","inLanguage":"tr","@id":"http:\/\/www.alfa-tip.com\/tr\/#\/schema\/logo\/image\/","url":"http:\/\/www.alfa-tip.com\/tr\/wp-content\/uploads\/2022\/06\/alfa-tip-logo-150w.jpg","contentUrl":"http:\/\/www.alfa-tip.com\/tr\/wp-content\/uploads\/2022\/06\/alfa-tip-logo-150w.jpg","width":150,"height":46,"caption":"Alfa-T\u0131p T\u00fcrkiye"},"image":{"@id":"http:\/\/www.alfa-tip.com\/tr\/#\/schema\/logo\/image\/"}},{"@type":"WebSite","@id":"http:\/\/www.alfa-tip.com\/tr\/#website","url":"http:\/\/www.alfa-tip.com\/tr\/","name":"Alfa-T\u0131p T\u00fcrkiye","description":"PTA ve PTCA Balon Kateter","publisher":{"@id":"http:\/\/www.alfa-tip.com\/tr\/#organization"},"potentialAction":[{"@type":"SearchAction","target":{"@type":"EntryPoint","urlTemplate":"http:\/\/www.alfa-tip.com\/tr\/?s={search_term_string}"},"query-input":"required name=search_term_string"}],"inLanguage":"tr"},{"@type":"ImageObject","inLanguage":"tr","@id":"http:\/\/www.alfa-tip.com\/tr\/veniflex-ptca\/#primaryimage","url":"http:\/\/www.alfa-tip.com\/tr\/wp-content\/uploads\/2022\/06\/veniflex-ptca.jpg","contentUrl":"http:\/\/www.alfa-tip.com\/tr\/wp-content\/uploads\/2022\/06\/veniflex-ptca.jpg","width":372,"height":135,"caption":"veniflex ptca balon dilatasyon kateteri"},{"@type":"WebPage","@id":"http:\/\/www.alfa-tip.com\/tr\/veniflex-ptca\/","url":"http:\/\/www.alfa-tip.com\/tr\/veniflex-ptca\/","name":"Veniflex PTCA - Alfa-T\u0131p T\u00fcrkiye","isPartOf":{"@id":"http:\/\/www.alfa-tip.com\/tr\/#website"},"primaryImageOfPage":{"@id":"http:\/\/www.alfa-tip.com\/tr\/veniflex-ptca\/#primaryimage"},"datePublished":"2022-06-15T07:43:20+00:00","dateModified":"2022-06-17T06:59:10+00:00","description":"VENIFLEX PTCA\u00a0 Balon Dilatasyon Kateteri ISO 13485 KYS ile \u00fcretim yapan d\u00fcnyan\u0131n \u00f6nde gelen CE sertifikal\u0131 \u00fcreticilerinden biridir.","breadcrumb":{"@id":"http:\/\/www.alfa-tip.com\/tr\/veniflex-ptca\/#breadcrumb"},"inLanguage":"tr","potentialAction":[{"@type":"ReadAction","target":["http:\/\/www.alfa-tip.com\/tr\/veniflex-ptca\/"]}]},{"@type":"BreadcrumbList","@id":"http:\/\/www.alfa-tip.com\/tr\/veniflex-ptca\/#breadcrumb","itemListElement":[{"@type":"ListItem","position":1,"name":"Anasayfa","item":"http:\/\/www.alfa-tip.com\/tr\/"},{"@type":"ListItem","position":2,"name":"Veniflex PTCA"}]}]}},"_links":{"self":[{"href":"http:\/\/www.alfa-tip.com\/tr\/wp-json\/wp\/v2\/pages\/137"}],"collection":[{"href":"http:\/\/www.alfa-tip.com\/tr\/wp-json\/wp\/v2\/pages"}],"about":[{"href":"http:\/\/www.alfa-tip.com\/tr\/wp-json\/wp\/v2\/types\/page"}],"author":[{"embeddable":true,"href":"http:\/\/www.alfa-tip.com\/tr\/wp-json\/wp\/v2\/users\/1"}],"replies":[{"embeddable":true,"href":"http:\/\/www.alfa-tip.com\/tr\/wp-json\/wp\/v2\/comments?post=137"}],"version-history":[{"count":2,"href":"http:\/\/www.alfa-tip.com\/tr\/wp-json\/wp\/v2\/pages\/137\/revisions"}],"predecessor-version":[{"id":158,"href":"http:\/\/www.alfa-tip.com\/tr\/wp-json\/wp\/v2\/pages\/137\/revisions\/158"}],"wp:attachment":[{"href":"http:\/\/www.alfa-tip.com\/tr\/wp-json\/wp\/v2\/media?parent=137"}],"curies":[{"name":"wp","href":"https:\/\/api.w.org\/{rel}","templated":true}]}}