{"id":139,"date":"2022-06-15T10:45:48","date_gmt":"2022-06-15T07:45:48","guid":{"rendered":"http:\/\/www.alfa-tip.com\/tr\/?page_id=139"},"modified":"2022-06-17T10:02:18","modified_gmt":"2022-06-17T07:02:18","slug":"veniforce-plus-ptca","status":"publish","type":"page","link":"http:\/\/www.alfa-tip.com\/tr\/veniforce-plus-ptca\/","title":{"rendered":"Veniforce Plus PTCA"},"content":{"rendered":"\n<p>VENIFORCE PLUS PTCA\u00a0 Balon Dilatasyon Kateteri genel koroner arterlerde kalsifiye koroner lezyonlardan kaynaklanan azalan miyokardiyal kan ak\u0131\u015f\u0131n\u0131 iyile\u015ftirmede kullan\u0131l\u0131r.<br>Non Compliant PTCA balon kateter genellikle y\u00fcksek dayan\u0131m gerektiren yerlerde kullan\u0131l\u0131r, y\u00fcksek bas\u0131n\u00e7larda a\u015f\u0131r\u0131 genle\u015fme yapmaz.\u00a0<\/p>\n\n\n<div class=\"wp-block-image\">\n<figure class=\"aligncenter size-full\"><img decoding=\"async\" loading=\"lazy\" width=\"500\" height=\"281\" src=\"http:\/\/www.alfa-tip.com\/tr\/wp-content\/uploads\/2022\/06\/veniforce-plus.jpg\" alt=\"veniforce plus ptca balon dilatasyon kateteri\" class=\"wp-image-69\" srcset=\"http:\/\/www.alfa-tip.com\/tr\/wp-content\/uploads\/2022\/06\/veniforce-plus.jpg 500w, http:\/\/www.alfa-tip.com\/tr\/wp-content\/uploads\/2022\/06\/veniforce-plus-300x169.jpg 300w\" sizes=\"(max-width: 500px) 100vw, 500px\" \/><\/figure><\/div>\n\n\n<ul><li>Yeni nesil NC PTCA BALONU. Optimum Esnek olmayan (Non-compliant) balon.<\/li><li>Y\u00fcksek bas\u0131n\u00e7ta \u00e7al\u0131\u015fan PTCA balon kateter. Y\u00fcksek bas\u0131n\u00e7 dayan\u0131m\u0131 (RBP: 20 atm).<\/li><li>Veniforce Plus PTCA sert kalsifiye lezyonlar ve stent sonras\u0131 dilatasyon i\u00e7in endikedir.<\/li><li>Optimum ilerletme performans\u0131 ve 3 kat balon katlama y\u00f6ntemiyle d\u00fc\u015f\u00fck ge\u00e7i\u015f profili.<\/li><li>\u00d6zel olarak tasarlanm\u0131\u015f soft-tip ile pushability sa\u011flar, geli\u015fmi\u015f hypo-tube tasar\u0131m\u0131yla ile y\u00fcksek torkabilite ve kink dayan\u0131m\u0131 sahiptir.<\/li><li>Hidrofilik kaplama teknolojisiyle kateterin damar i\u00e7inde rahat ilerlemesini sa\u011flayan yap\u0131.<\/li><\/ul>\n\n\n<div class=\"wp-block-image\">\n<figure class=\"aligncenter size-full\"><img decoding=\"async\" loading=\"lazy\" width=\"897\" height=\"354\" src=\"http:\/\/www.alfa-tip.com\/tr\/wp-content\/uploads\/2022\/06\/image-4.png\" alt=\"veniforce plus ptca balon dilatasyon kateteri opsiyon tablosu\" class=\"wp-image-70\" srcset=\"http:\/\/www.alfa-tip.com\/tr\/wp-content\/uploads\/2022\/06\/image-4.png 897w, http:\/\/www.alfa-tip.com\/tr\/wp-content\/uploads\/2022\/06\/image-4-300x118.png 300w, http:\/\/www.alfa-tip.com\/tr\/wp-content\/uploads\/2022\/06\/image-4-768x303.png 768w\" sizes=\"(max-width: 897px) 100vw, 897px\" \/><\/figure><\/div>\n\n\n<figure class=\"wp-block-table is-style-stripes\"><table><tbody><tr><td>Kateter Tasar\u0131m\u0131<\/td><td>RX &#8211; Rapid Exchange<\/td><\/tr><tr><td>Kullanabilir Kateter Uzunlu\u011fu<\/td><td>145cm<\/td><\/tr><tr><td>Max. Tavsiye Edilen K\u0131lavuz Teli<\/td><td>0.014&#8243;<\/td><\/tr><tr><td>Tip Profili<\/td><td>0.017&#8243;&nbsp;<\/td><\/tr><tr><td>Ge\u00e7i\u015f Profili<\/td><td>0.020&#8243; &#8211; 0.041&#8243;<\/td><\/tr><tr><td>Nominal Bas\u0131n\u00e7<\/td><td>12atm<\/td><\/tr><tr><td>Nominal Patlama Bas\u0131nc\u0131 \u2013 Bu De\u011feri A\u015fmay\u0131n\u0131z!<\/td><td>20atm<\/td><\/tr><\/tbody><\/table><\/figure>\n\n\n\n<p><a href=\"http:\/\/www.alfa-tip.com\/tr\/veniflow-14-pta\">Veniflow 14 PTA Balon Dilasyon Kataterini \u0130nceleyiniz -&gt;<\/a><\/p>\n","protected":false},"excerpt":{"rendered":"<p>VENIFORCE PLUS PTCA\u00a0 Balon Dilatasyon Kateteri genel koroner arterlerde kalsifiye koroner lezyonlardan kaynaklanan azalan miyokardiyal kan ak\u0131\u015f\u0131n\u0131 iyile\u015ftirmede kullan\u0131l\u0131r.Non Compliant PTCA balon kateter genellikle y\u00fcksek dayan\u0131m gerektiren yerlerde kullan\u0131l\u0131r, y\u00fcksek bas\u0131n\u00e7larda a\u015f\u0131r\u0131 genle\u015fme yapmaz.\u00a0 Yeni nesil NC PTCA BALONU. Optimum Esnek olmayan (Non-compliant) balon. Y\u00fcksek bas\u0131n\u00e7ta \u00e7al\u0131\u015fan PTCA balon kateter. Y\u00fcksek bas\u0131n\u00e7 dayan\u0131m\u0131 (RBP: 20 [&hellip;]<\/p>\n","protected":false},"author":1,"featured_media":0,"parent":0,"menu_order":0,"comment_status":"closed","ping_status":"closed","template":"","meta":[],"yoast_head":"<!-- This site is optimized with the Yoast SEO plugin v19.3 - https:\/\/yoast.com\/wordpress\/plugins\/seo\/ -->\n<title>Veniforce Plus PTCA - Alfa-T\u0131p T\u00fcrkiye<\/title>\n<meta name=\"description\" content=\"VENIFORCE PLUS PTCA\u00a0 Balon Dilatasyon Kateteri ISO 13485 KYS ile \u00fcretim yapan d\u00fcnyan\u0131n \u00f6nde gelen CE sertifikal\u0131 \u00fcreticilerinden biridir.\" \/>\n<meta name=\"robots\" content=\"index, follow, max-snippet:-1, max-image-preview:large, max-video-preview:-1\" \/>\n<link rel=\"canonical\" href=\"http:\/\/www.alfa-tip.com\/tr\/veniforce-plus-ptca\/\" \/>\n<meta property=\"og:locale\" content=\"tr_TR\" \/>\n<meta property=\"og:type\" content=\"article\" \/>\n<meta property=\"og:title\" content=\"Veniforce Plus PTCA - Alfa-T\u0131p T\u00fcrkiye\" \/>\n<meta property=\"og:description\" content=\"VENIFORCE PLUS PTCA\u00a0 Balon Dilatasyon Kateteri ISO 13485 KYS ile \u00fcretim yapan d\u00fcnyan\u0131n \u00f6nde gelen CE sertifikal\u0131 \u00fcreticilerinden biridir.\" \/>\n<meta property=\"og:url\" content=\"http:\/\/www.alfa-tip.com\/tr\/veniforce-plus-ptca\/\" \/>\n<meta property=\"og:site_name\" content=\"Alfa-T\u0131p T\u00fcrkiye\" \/>\n<meta property=\"article:modified_time\" content=\"2022-06-17T07:02:18+00:00\" \/>\n<meta property=\"og:image\" content=\"http:\/\/www.alfa-tip.com\/tr\/wp-content\/uploads\/2022\/06\/veniforce-plus.jpg\" \/>\n<meta name=\"twitter:card\" content=\"summary_large_image\" \/>\n<meta name=\"twitter:label1\" content=\"Tahmini okuma s\u00fcresi\" \/>\n\t<meta name=\"twitter:data1\" content=\"2 dakika\" \/>\n<script type=\"application\/ld+json\" class=\"yoast-schema-graph\">{\"@context\":\"https:\/\/schema.org\",\"@graph\":[{\"@type\":\"Organization\",\"@id\":\"http:\/\/www.alfa-tip.com\/tr\/#organization\",\"name\":\"Alfa-T\u0131p T\u00fcrkiye\",\"url\":\"http:\/\/www.alfa-tip.com\/tr\/\",\"sameAs\":[],\"logo\":{\"@type\":\"ImageObject\",\"inLanguage\":\"tr\",\"@id\":\"http:\/\/www.alfa-tip.com\/tr\/#\/schema\/logo\/image\/\",\"url\":\"http:\/\/www.alfa-tip.com\/tr\/wp-content\/uploads\/2022\/06\/alfa-tip-logo-150w.jpg\",\"contentUrl\":\"http:\/\/www.alfa-tip.com\/tr\/wp-content\/uploads\/2022\/06\/alfa-tip-logo-150w.jpg\",\"width\":150,\"height\":46,\"caption\":\"Alfa-T\u0131p T\u00fcrkiye\"},\"image\":{\"@id\":\"http:\/\/www.alfa-tip.com\/tr\/#\/schema\/logo\/image\/\"}},{\"@type\":\"WebSite\",\"@id\":\"http:\/\/www.alfa-tip.com\/tr\/#website\",\"url\":\"http:\/\/www.alfa-tip.com\/tr\/\",\"name\":\"Alfa-T\u0131p T\u00fcrkiye\",\"description\":\"PTA ve PTCA Balon Kateter\",\"publisher\":{\"@id\":\"http:\/\/www.alfa-tip.com\/tr\/#organization\"},\"potentialAction\":[{\"@type\":\"SearchAction\",\"target\":{\"@type\":\"EntryPoint\",\"urlTemplate\":\"http:\/\/www.alfa-tip.com\/tr\/?s={search_term_string}\"},\"query-input\":\"required name=search_term_string\"}],\"inLanguage\":\"tr\"},{\"@type\":\"ImageObject\",\"inLanguage\":\"tr\",\"@id\":\"http:\/\/www.alfa-tip.com\/tr\/veniforce-plus-ptca\/#primaryimage\",\"url\":\"http:\/\/www.alfa-tip.com\/tr\/wp-content\/uploads\/2022\/06\/veniforce-plus.jpg\",\"contentUrl\":\"http:\/\/www.alfa-tip.com\/tr\/wp-content\/uploads\/2022\/06\/veniforce-plus.jpg\",\"width\":500,\"height\":281,\"caption\":\"veniforce plus ptca balon dilatasyon kateteri\"},{\"@type\":\"WebPage\",\"@id\":\"http:\/\/www.alfa-tip.com\/tr\/veniforce-plus-ptca\/\",\"url\":\"http:\/\/www.alfa-tip.com\/tr\/veniforce-plus-ptca\/\",\"name\":\"Veniforce Plus PTCA - Alfa-T\u0131p T\u00fcrkiye\",\"isPartOf\":{\"@id\":\"http:\/\/www.alfa-tip.com\/tr\/#website\"},\"primaryImageOfPage\":{\"@id\":\"http:\/\/www.alfa-tip.com\/tr\/veniforce-plus-ptca\/#primaryimage\"},\"datePublished\":\"2022-06-15T07:45:48+00:00\",\"dateModified\":\"2022-06-17T07:02:18+00:00\",\"description\":\"VENIFORCE PLUS PTCA\u00a0 Balon Dilatasyon Kateteri ISO 13485 KYS ile \u00fcretim yapan d\u00fcnyan\u0131n \u00f6nde gelen CE sertifikal\u0131 \u00fcreticilerinden biridir.\",\"breadcrumb\":{\"@id\":\"http:\/\/www.alfa-tip.com\/tr\/veniforce-plus-ptca\/#breadcrumb\"},\"inLanguage\":\"tr\",\"potentialAction\":[{\"@type\":\"ReadAction\",\"target\":[\"http:\/\/www.alfa-tip.com\/tr\/veniforce-plus-ptca\/\"]}]},{\"@type\":\"BreadcrumbList\",\"@id\":\"http:\/\/www.alfa-tip.com\/tr\/veniforce-plus-ptca\/#breadcrumb\",\"itemListElement\":[{\"@type\":\"ListItem\",\"position\":1,\"name\":\"Anasayfa\",\"item\":\"http:\/\/www.alfa-tip.com\/tr\/\"},{\"@type\":\"ListItem\",\"position\":2,\"name\":\"Veniforce Plus PTCA\"}]}]}<\/script>\n<!-- \/ Yoast SEO plugin. -->","yoast_head_json":{"title":"Veniforce Plus PTCA - Alfa-T\u0131p T\u00fcrkiye","description":"VENIFORCE PLUS PTCA\u00a0 Balon Dilatasyon Kateteri ISO 13485 KYS ile \u00fcretim yapan d\u00fcnyan\u0131n \u00f6nde gelen CE sertifikal\u0131 \u00fcreticilerinden biridir.","robots":{"index":"index","follow":"follow","max-snippet":"max-snippet:-1","max-image-preview":"max-image-preview:large","max-video-preview":"max-video-preview:-1"},"canonical":"http:\/\/www.alfa-tip.com\/tr\/veniforce-plus-ptca\/","og_locale":"tr_TR","og_type":"article","og_title":"Veniforce Plus PTCA - Alfa-T\u0131p T\u00fcrkiye","og_description":"VENIFORCE PLUS PTCA\u00a0 Balon Dilatasyon Kateteri ISO 13485 KYS ile \u00fcretim yapan d\u00fcnyan\u0131n \u00f6nde gelen CE sertifikal\u0131 \u00fcreticilerinden biridir.","og_url":"http:\/\/www.alfa-tip.com\/tr\/veniforce-plus-ptca\/","og_site_name":"Alfa-T\u0131p T\u00fcrkiye","article_modified_time":"2022-06-17T07:02:18+00:00","og_image":[{"url":"http:\/\/www.alfa-tip.com\/tr\/wp-content\/uploads\/2022\/06\/veniforce-plus.jpg"}],"twitter_card":"summary_large_image","twitter_misc":{"Tahmini okuma s\u00fcresi":"2 dakika"},"schema":{"@context":"https:\/\/schema.org","@graph":[{"@type":"Organization","@id":"http:\/\/www.alfa-tip.com\/tr\/#organization","name":"Alfa-T\u0131p T\u00fcrkiye","url":"http:\/\/www.alfa-tip.com\/tr\/","sameAs":[],"logo":{"@type":"ImageObject","inLanguage":"tr","@id":"http:\/\/www.alfa-tip.com\/tr\/#\/schema\/logo\/image\/","url":"http:\/\/www.alfa-tip.com\/tr\/wp-content\/uploads\/2022\/06\/alfa-tip-logo-150w.jpg","contentUrl":"http:\/\/www.alfa-tip.com\/tr\/wp-content\/uploads\/2022\/06\/alfa-tip-logo-150w.jpg","width":150,"height":46,"caption":"Alfa-T\u0131p T\u00fcrkiye"},"image":{"@id":"http:\/\/www.alfa-tip.com\/tr\/#\/schema\/logo\/image\/"}},{"@type":"WebSite","@id":"http:\/\/www.alfa-tip.com\/tr\/#website","url":"http:\/\/www.alfa-tip.com\/tr\/","name":"Alfa-T\u0131p T\u00fcrkiye","description":"PTA ve PTCA Balon Kateter","publisher":{"@id":"http:\/\/www.alfa-tip.com\/tr\/#organization"},"potentialAction":[{"@type":"SearchAction","target":{"@type":"EntryPoint","urlTemplate":"http:\/\/www.alfa-tip.com\/tr\/?s={search_term_string}"},"query-input":"required name=search_term_string"}],"inLanguage":"tr"},{"@type":"ImageObject","inLanguage":"tr","@id":"http:\/\/www.alfa-tip.com\/tr\/veniforce-plus-ptca\/#primaryimage","url":"http:\/\/www.alfa-tip.com\/tr\/wp-content\/uploads\/2022\/06\/veniforce-plus.jpg","contentUrl":"http:\/\/www.alfa-tip.com\/tr\/wp-content\/uploads\/2022\/06\/veniforce-plus.jpg","width":500,"height":281,"caption":"veniforce plus ptca balon dilatasyon kateteri"},{"@type":"WebPage","@id":"http:\/\/www.alfa-tip.com\/tr\/veniforce-plus-ptca\/","url":"http:\/\/www.alfa-tip.com\/tr\/veniforce-plus-ptca\/","name":"Veniforce Plus PTCA - Alfa-T\u0131p T\u00fcrkiye","isPartOf":{"@id":"http:\/\/www.alfa-tip.com\/tr\/#website"},"primaryImageOfPage":{"@id":"http:\/\/www.alfa-tip.com\/tr\/veniforce-plus-ptca\/#primaryimage"},"datePublished":"2022-06-15T07:45:48+00:00","dateModified":"2022-06-17T07:02:18+00:00","description":"VENIFORCE PLUS PTCA\u00a0 Balon Dilatasyon Kateteri ISO 13485 KYS ile \u00fcretim yapan d\u00fcnyan\u0131n \u00f6nde gelen CE sertifikal\u0131 \u00fcreticilerinden biridir.","breadcrumb":{"@id":"http:\/\/www.alfa-tip.com\/tr\/veniforce-plus-ptca\/#breadcrumb"},"inLanguage":"tr","potentialAction":[{"@type":"ReadAction","target":["http:\/\/www.alfa-tip.com\/tr\/veniforce-plus-ptca\/"]}]},{"@type":"BreadcrumbList","@id":"http:\/\/www.alfa-tip.com\/tr\/veniforce-plus-ptca\/#breadcrumb","itemListElement":[{"@type":"ListItem","position":1,"name":"Anasayfa","item":"http:\/\/www.alfa-tip.com\/tr\/"},{"@type":"ListItem","position":2,"name":"Veniforce Plus PTCA"}]}]}},"_links":{"self":[{"href":"http:\/\/www.alfa-tip.com\/tr\/wp-json\/wp\/v2\/pages\/139"}],"collection":[{"href":"http:\/\/www.alfa-tip.com\/tr\/wp-json\/wp\/v2\/pages"}],"about":[{"href":"http:\/\/www.alfa-tip.com\/tr\/wp-json\/wp\/v2\/types\/page"}],"author":[{"embeddable":true,"href":"http:\/\/www.alfa-tip.com\/tr\/wp-json\/wp\/v2\/users\/1"}],"replies":[{"embeddable":true,"href":"http:\/\/www.alfa-tip.com\/tr\/wp-json\/wp\/v2\/comments?post=139"}],"version-history":[{"count":3,"href":"http:\/\/www.alfa-tip.com\/tr\/wp-json\/wp\/v2\/pages\/139\/revisions"}],"predecessor-version":[{"id":160,"href":"http:\/\/www.alfa-tip.com\/tr\/wp-json\/wp\/v2\/pages\/139\/revisions\/160"}],"wp:attachment":[{"href":"http:\/\/www.alfa-tip.com\/tr\/wp-json\/wp\/v2\/media?parent=139"}],"curies":[{"name":"wp","href":"https:\/\/api.w.org\/{rel}","templated":true}]}}